{"id":2850,"date":"2023-02-28T16:40:42","date_gmt":"2023-02-28T16:40:42","guid":{"rendered":"https:\/\/www.versionprueba.com\/?page_id=2850"},"modified":"2023-07-31T20:31:22","modified_gmt":"2023-07-31T20:31:22","slug":"oracion-3","status":"publish","type":"page","link":"https:\/\/www.livingwcc.com\/en\/oracion-3\/","title":{"rendered":"PRAYER"},"content":{"rendered":"\t\t<div data-elementor-type=\"wp-page\" data-elementor-id=\"2850\" class=\"elementor elementor-2850\" data-elementor-post-type=\"page\">\n\t\t\t\t\t\t<section class=\"elementor-section elementor-top-section elementor-element elementor-element-40aa0504 elementor-section-height-min-height elementor-section-boxed elementor-section-height-default elementor-section-items-middle\" data-id=\"40aa0504\" data-element_type=\"section\" data-e-type=\"section\" data-settings=\"{&quot;background_background&quot;:&quot;classic&quot;}\">\n\t\t\t\t\t\t\t<div class=\"elementor-background-overlay\"><\/div>\n\t\t\t\t\t\t\t<div class=\"elementor-container elementor-column-gap-default\">\n\t\t\t\t\t<div class=\"elementor-column elementor-col-100 elementor-top-column elementor-element elementor-element-5ee5bc34\" data-id=\"5ee5bc34\" data-element_type=\"column\" data-e-type=\"column\">\n\t\t\t<div class=\"elementor-widget-wrap elementor-element-populated\">\n\t\t\t\t\t\t<div class=\"elementor-element elementor-element-26b6c18f de_scroll_animation_no elementor-widget elementor-widget-heading\" data-id=\"26b6c18f\" data-element_type=\"widget\" data-e-type=\"widget\" data-widget_type=\"heading.default\">\n\t\t\t\t<div class=\"elementor-widget-container\">\n\t\t\t\t\t<h2 class=\"elementor-heading-title elementor-size-default\">ORAMOS POR TI<\/h2>\t\t\t\t<\/div>\n\t\t\t\t<\/div>\n\t\t\t\t\t<\/div>\n\t\t<\/div>\n\t\t\t\t\t<\/div>\n\t\t<\/section>\n\t\t\t\t<section class=\"elementor-section elementor-top-section elementor-element elementor-element-748ff180 elementor-section-full_width elementor-section-height-default elementor-section-height-default\" data-id=\"748ff180\" data-element_type=\"section\" data-e-type=\"section\" data-settings=\"{&quot;background_background&quot;:&quot;classic&quot;}\">\n\t\t\t\t\t\t<div class=\"elementor-container elementor-column-gap-default\">\n\t\t\t\t\t<div class=\"elementor-column elementor-col-100 elementor-top-column elementor-element elementor-element-65f89e71\" data-id=\"65f89e71\" data-element_type=\"column\" data-e-type=\"column\">\n\t\t\t<div class=\"elementor-widget-wrap elementor-element-populated\">\n\t\t\t\t\t\t<div class=\"elementor-element elementor-element-31294e7b de_scroll_animation_no elementor-invisible elementor-widget elementor-widget-qi_addons_for_elementor_text_marquee\" data-id=\"31294e7b\" data-element_type=\"widget\" data-e-type=\"widget\" data-settings=\"{&quot;_animation&quot;:&quot;fadeIn&quot;}\" data-widget_type=\"qi_addons_for_elementor_text_marquee.default\">\n\t\t\t\t<div class=\"elementor-widget-container\">\n\t\t\t\t\t<div class=\"qodef-shortcode qodef-m qodef-qi-text-marquee qodef-layout--default\">\n\t<div class=\"qodef-m-content\">\n\t\t<div class=\"qodef-m-text qodef-text--original\">\n\t\t\t\t\t\t\t<span class=\"qodef-m-text-item elementor-repeater-item-57bf99e\" >Por favor, t\u00f3mate un momento para llenar nuestro formulario de oraci\u00f3n<\/span>\n\t\t\t\t<span class=\"qodef-e-icon-holder\">\n\t<i aria-hidden=\"true\" class=\"fas fa-circle\"><\/i><\/span>\n\t\t\t\t\t\t\t<span class=\"qodef-m-text-item elementor-repeater-item-5693ed3\" >\u00a1Tu voz es importante! Llena nuestro formulario de oraci\u00f3n y \u00fanete a nuestra comunidad de oraci\u00f3n<\/span>\n\t\t\t\t<span class=\"qodef-e-icon-holder\">\n\t<i aria-hidden=\"true\" class=\"fas fa-circle\"><\/i><\/span>\n\t\t\t\t\t\t\t<span class=\"qodef-m-text-item elementor-repeater-item-98303ff\" >No est\u00e1s solo en tus necesidades y preocupaciones. <\/span>\n\t\t\t\t<span class=\"qodef-e-icon-holder\">\n\t<i aria-hidden=\"true\" class=\"fas fa-circle\"><\/i><\/span>\n\t\t\t\t\t<\/div>\n\t\t<div class=\"qodef-m-text qodef-text--copy\">\n\t\t\t\t\t\t\t<span class=\"qodef-m-text-item elementor-repeater-item-57bf99e\" >Por favor, t\u00f3mate un momento para llenar nuestro formulario de oraci\u00f3n<\/span>\n\t\t\t\t<span class=\"qodef-e-icon-holder\">\n\t<i aria-hidden=\"true\" class=\"fas fa-circle\"><\/i><\/span>\n\t\t\t\t\t\t\t<span class=\"qodef-m-text-item elementor-repeater-item-5693ed3\" >\u00a1Tu voz es importante! Llena nuestro formulario de oraci\u00f3n y \u00fanete a nuestra comunidad de oraci\u00f3n<\/span>\n\t\t\t\t<span class=\"qodef-e-icon-holder\">\n\t<i aria-hidden=\"true\" class=\"fas fa-circle\"><\/i><\/span>\n\t\t\t\t\t\t\t<span class=\"qodef-m-text-item elementor-repeater-item-98303ff\" >No est\u00e1s solo en tus necesidades y preocupaciones. <\/span>\n\t\t\t\t<span class=\"qodef-e-icon-holder\">\n\t<i aria-hidden=\"true\" class=\"fas fa-circle\"><\/i><\/span>\n\t\t\t\t\t<\/div>\n\t<\/div>\n<\/div>\n\t\t\t\t<\/div>\n\t\t\t\t<\/div>\n\t\t\t\t\t<\/div>\n\t\t<\/div>\n\t\t\t\t\t<\/div>\n\t\t<\/section>\n\t\t\t\t<section class=\"elementor-section elementor-top-section elementor-element elementor-element-4395de7 elementor-section-boxed elementor-section-height-default elementor-section-height-default\" data-id=\"4395de7\" data-element_type=\"section\" data-e-type=\"section\">\n\t\t\t\t\t\t<div class=\"elementor-container elementor-column-gap-default\">\n\t\t\t\t\t<div class=\"elementor-column elementor-col-100 elementor-top-column elementor-element elementor-element-01a988c\" data-id=\"01a988c\" data-element_type=\"column\" data-e-type=\"column\">\n\t\t\t<div class=\"elementor-widget-wrap elementor-element-populated\">\n\t\t\t\t\t\t<div class=\"elementor-element elementor-element-388ad7d de_scroll_animation_no elementor-widget elementor-widget-text-editor\" data-id=\"388ad7d\" data-element_type=\"widget\" data-e-type=\"widget\" data-widget_type=\"text-editor.default\">\n\t\t\t\t<div class=\"elementor-widget-container\">\n\t\t\t\t\t\t\t\t\t<p>En <strong>Living Word Christian Center,<\/strong> la oraci\u00f3n es una parte integral de todo lo que hacemos. Sabemos que la oraci\u00f3n es una herramienta poderosa para conectarnos con Dios y recibir su gu\u00eda y direcci\u00f3n. Por eso, hacemos de la oraci\u00f3n una prioridad en nuestro ministerio.<\/p><p>Creemos que la oraci\u00f3n es esencial para el crecimiento espiritual y la madurez cristiana. A trav\u00e9s de la oraci\u00f3n, podemos experimentar la presencia de Dios de una manera profunda y personal, y podemos recibir la sabidur\u00eda y el discernimiento que necesitamos para tomar decisiones importantes.<\/p>\t\t\t\t\t\t\t\t<\/div>\n\t\t\t\t<\/div>\n\t\t\t\t\t<\/div>\n\t\t<\/div>\n\t\t\t\t\t<\/div>\n\t\t<\/section>\n\t\t\t\t<section class=\"elementor-section elementor-top-section elementor-element elementor-element-32976afb elementor-section-boxed elementor-section-height-default elementor-section-height-default\" data-id=\"32976afb\" data-element_type=\"section\" data-e-type=\"section\" data-settings=\"{&quot;background_background&quot;:&quot;classic&quot;}\">\n\t\t\t\t\t\t<div class=\"elementor-container elementor-column-gap-default\">\n\t\t\t\t\t<div class=\"elementor-column elementor-col-33 elementor-top-column elementor-element elementor-element-98e887c\" data-id=\"98e887c\" data-element_type=\"column\" data-e-type=\"column\">\n\t\t\t<div class=\"elementor-widget-wrap\">\n\t\t\t\t\t\t\t<\/div>\n\t\t<\/div>\n\t\t\t\t<div class=\"elementor-column elementor-col-33 elementor-top-column elementor-element elementor-element-46659d88\" data-id=\"46659d88\" data-element_type=\"column\" data-e-type=\"column\" data-settings=\"{&quot;background_background&quot;:&quot;classic&quot;}\">\n\t\t\t<div class=\"elementor-widget-wrap elementor-element-populated\">\n\t\t\t\t\t\t<div class=\"elementor-element elementor-element-9cc498f elementor-button-align-stretch de_scroll_animation_no elementor-widget elementor-widget-form\" data-id=\"9cc498f\" data-element_type=\"widget\" data-e-type=\"widget\" data-settings=\"{&quot;button_width&quot;:&quot;25&quot;,&quot;step_next_label&quot;:&quot;Siguiente&quot;,&quot;step_previous_label&quot;:&quot;Anterior&quot;,&quot;step_type&quot;:&quot;number_text&quot;,&quot;step_icon_shape&quot;:&quot;circle&quot;}\" data-widget_type=\"form.default\">\n\t\t\t\t<div class=\"elementor-widget-container\">\n\t\t\t\t\t\t\t<form class=\"elementor-form\" method=\"post\" name=\"Nuevo formulario\" aria-label=\"Nuevo formulario\">\n\t\t\t<input type=\"hidden\" name=\"post_id\" value=\"2850\"\/>\n\t\t\t<input type=\"hidden\" name=\"form_id\" value=\"9cc498f\"\/>\n\t\t\t<input type=\"hidden\" name=\"referer_title\" value=\"ORACI\u00d3N\" \/>\n\n\t\t\t\t\t\t\t<input type=\"hidden\" name=\"queried_id\" value=\"2850\"\/>\n\t\t\t\n\t\t\t<div class=\"elementor-form-fields-wrapper elementor-labels-above\">\n\t\t\t\t\t\t\t\t<div class=\"elementor-field-type-text elementor-field-group elementor-column elementor-field-group-name elementor-col-100\">\n\t\t\t\t\t\t\t\t\t\t\t\t<label for=\"form-field-name\" class=\"elementor-field-label\">\n\t\t\t\t\t\t\t\tNombre Completo\t\t\t\t\t\t\t<\/label>\n\t\t\t\t\t\t\t\t\t\t\t\t\t\t<input size=\"1\" type=\"text\" name=\"form_fields[name]\" id=\"form-field-name\" class=\"elementor-field elementor-size-sm  elementor-field-textual\" placeholder=\"Nombre\">\n\t\t\t\t\t\t\t\t\t\t\t<\/div>\n\t\t\t\t\t\t\t\t<div class=\"elementor-field-type-tel elementor-field-group elementor-column elementor-field-group-field_d325b2c elementor-col-100\">\n\t\t\t\t\t\t\t\t\t\t\t\t<label for=\"form-field-field_d325b2c\" class=\"elementor-field-label\">\n\t\t\t\t\t\t\t\tTel\u00e9fono\t\t\t\t\t\t\t<\/label>\n\t\t\t\t\t\t\t\t<input size=\"1\" type=\"tel\" name=\"form_fields[field_d325b2c]\" id=\"form-field-field_d325b2c\" class=\"elementor-field elementor-size-sm  elementor-field-textual\" placeholder=\"Agrega t\u00fa n\u00famero \" pattern=\"[0-9()#&amp;+*-=.]+\" title=\"Only numbers and phone characters (#, -, *, etc) are accepted.\">\n\n\t\t\t\t\t\t<\/div>\n\t\t\t\t\t\t\t\t<div class=\"elementor-field-type-date elementor-field-group elementor-column elementor-field-group-field_f828aba elementor-col-100\">\n\t\t\t\t\t\t\t\t\t\t\t\t<label for=\"form-field-field_f828aba\" class=\"elementor-field-label\">\n\t\t\t\t\t\t\t\tFecha\t\t\t\t\t\t\t<\/label>\n\t\t\t\t\t\t\n\t\t<input type=\"date\" name=\"form_fields[field_f828aba]\" id=\"form-field-field_f828aba\" class=\"elementor-field elementor-size-sm  elementor-field-textual elementor-date-field\" placeholder=\"Agrega la fecha de hoy\" pattern=\"[0-9]{4}-[0-9]{2}-[0-9]{2}\">\n\t\t\t\t\t\t<\/div>\n\t\t\t\t\t\t\t\t<div class=\"elementor-field-type-email elementor-field-group elementor-column elementor-field-group-email elementor-col-100 elementor-field-required\">\n\t\t\t\t\t\t\t\t\t\t\t\t<label for=\"form-field-email\" class=\"elementor-field-label\">\n\t\t\t\t\t\t\t\tCorreo electr\u00f3nico\t\t\t\t\t\t\t<\/label>\n\t\t\t\t\t\t\t\t\t\t\t\t\t\t<input size=\"1\" type=\"email\" name=\"form_fields[email]\" id=\"form-field-email\" class=\"elementor-field elementor-size-sm  elementor-field-textual\" placeholder=\"Correo electr\u00f3nico\" required=\"required\">\n\t\t\t\t\t\t\t\t\t\t\t<\/div>\n\t\t\t\t\t\t\t\t<div class=\"elementor-field-type-radio elementor-field-group elementor-column elementor-field-group-field_86eb142 elementor-col-100\">\n\t\t\t\t\t\t\t\t\t\t\t\t<label for=\"form-field-field_86eb142\" class=\"elementor-field-label\">\n\t\t\t\t\t\t\t\tTipo de petici\u00f3n\t\t\t\t\t\t\t<\/label>\n\t\t\t\t\t\t<div class=\"elementor-field-subgroup  \"><span class=\"elementor-field-option\"><input type=\"radio\" value=\"Por empleo\" id=\"form-field-field_86eb142-0\" name=\"form_fields[field_86eb142]\"> <label for=\"form-field-field_86eb142-0\">Por empleo<\/label><\/span><span class=\"elementor-field-option\"><input type=\"radio\" value=\"Por el bienestar de un familiar\" id=\"form-field-field_86eb142-1\" name=\"form_fields[field_86eb142]\"> <label for=\"form-field-field_86eb142-1\">Por el bienestar de un familiar<\/label><\/span><span class=\"elementor-field-option\"><input type=\"radio\" value=\"Matrimonio feliz\" id=\"form-field-field_86eb142-2\" name=\"form_fields[field_86eb142]\"> <label for=\"form-field-field_86eb142-2\">Matrimonio feliz<\/label><\/span><span class=\"elementor-field-option\"><input type=\"radio\" value=\"Por un hijo en drogas\" id=\"form-field-field_86eb142-3\" name=\"form_fields[field_86eb142]\"> <label for=\"form-field-field_86eb142-3\">Por un hijo en drogas<\/label><\/span><span class=\"elementor-field-option\"><input type=\"radio\" value=\"Por un examen o materia\" id=\"form-field-field_86eb142-4\" name=\"form_fields[field_86eb142]\"> <label for=\"form-field-field_86eb142-4\">Por un examen o materia<\/label><\/span><span class=\"elementor-field-option\"><input type=\"radio\" value=\"Ser sanado de una enfermedad\" id=\"form-field-field_86eb142-5\" name=\"form_fields[field_86eb142]\"> <label for=\"form-field-field_86eb142-5\">Ser sanado de una enfermedad<\/label><\/span><span class=\"elementor-field-option\"><input type=\"radio\" value=\"Salir de una deuda\" id=\"form-field-field_86eb142-6\" name=\"form_fields[field_86eb142]\"> <label for=\"form-field-field_86eb142-6\">Salir de una deuda<\/label><\/span><span class=\"elementor-field-option\"><input type=\"radio\" value=\"Ser libre de alg\u00fan vicio\" id=\"form-field-field_86eb142-7\" name=\"form_fields[field_86eb142]\"> <label for=\"form-field-field_86eb142-7\">Ser libre de alg\u00fan vicio<\/label><\/span><\/div>\t\t\t\t<\/div>\n\t\t\t\t\t\t\t\t<div class=\"elementor-field-type-text elementor-field-group elementor-column elementor-field-group-field_95fe8ff elementor-col-100\">\n\t\t\t\t\t\t\t\t\t\t\t\t<label for=\"form-field-field_95fe8ff\" class=\"elementor-field-label\">\n\t\t\t\t\t\t\t\tOtros\t\t\t\t\t\t\t<\/label>\n\t\t\t\t\t\t\t\t\t\t\t\t\t\t<input size=\"1\" type=\"text\" name=\"form_fields[field_95fe8ff]\" id=\"form-field-field_95fe8ff\" class=\"elementor-field elementor-size-sm  elementor-field-textual\" placeholder=\"\u00bfCual?\">\n\t\t\t\t\t\t\t\t\t\t\t<\/div>\n\t\t\t\t\t\t\t\t<div class=\"elementor-field-type-recaptcha_v3 elementor-field-group elementor-column elementor-field-group-field_fc2803e elementor-col-100 recaptcha_v3-bottomright\">\n\t\t\t\t\t<div class=\"elementor-field\" id=\"form-field-field_fc2803e\"><div class=\"elementor-g-recaptcha\" data-sitekey=\"6LcdhlMnAAAAAAiMXtcXcctnddBvlpL_1BQWy-8L\" data-type=\"v3\" data-action=\"Form\" data-badge=\"bottomright\" data-size=\"invisible\"><\/div><\/div>\t\t\t\t<\/div>\n\t\t\t\t\t\t\t\t<div class=\"elementor-field-group elementor-column elementor-field-type-submit elementor-col-25 e-form__buttons\">\n\t\t\t\t\t<button class=\"elementor-button elementor-size-sm\" type=\"submit\">\n\t\t\t\t\t\t<span class=\"elementor-button-content-wrapper\">\n\t\t\t\t\t\t\t\t\t\t\t\t\t\t\t\t\t\t\t\t\t\t<span class=\"elementor-button-text\">Enviar<\/span>\n\t\t\t\t\t\t\t\t\t\t\t\t\t<\/span>\n\t\t\t\t\t<\/button>\n\t\t\t\t<\/div>\n\t\t\t<\/div>\n\t\t<\/form>\n\t\t\t\t\t\t<\/div>\n\t\t\t\t<\/div>\n\t\t\t\t\t<\/div>\n\t\t<\/div>\n\t\t\t\t<div class=\"elementor-column elementor-col-33 elementor-top-column elementor-element elementor-element-1baa29c4\" data-id=\"1baa29c4\" data-element_type=\"column\" data-e-type=\"column\">\n\t\t\t<div class=\"elementor-widget-wrap\">\n\t\t\t\t\t\t\t<\/div>\n\t\t<\/div>\n\t\t\t\t\t<\/div>\n\t\t<\/section>\n\t\t\t\t<\/div>\n\t\t","protected":false},"excerpt":{"rendered":"<p>ORAMOS POR TI Por favor, t\u00f3mate un momento para llenar nuestro formulario de oraci\u00f3n \u00a1Tu voz es importante! Llena nuestro formulario de oraci\u00f3n y \u00fanete a nuestra comunidad de oraci\u00f3n No est\u00e1s solo en tus necesidades y preocupaciones. Por favor, t\u00f3mate un momento para llenar nuestro formulario de oraci\u00f3n \u00a1Tu voz es importante! Llena nuestro [&hellip;]<\/p>\n","protected":false},"author":1,"featured_media":0,"parent":0,"menu_order":0,"comment_status":"closed","ping_status":"closed","template":"","meta":{"give_campaign_id":0,"footnotes":""},"class_list":["post-2850","page","type-page","status-publish","hentry"],"campaignId":"","_links":{"self":[{"href":"https:\/\/www.livingwcc.com\/en\/wp-json\/wp\/v2\/pages\/2850","targetHints":{"allow":["GET"]}}],"collection":[{"href":"https:\/\/www.livingwcc.com\/en\/wp-json\/wp\/v2\/pages"}],"about":[{"href":"https:\/\/www.livingwcc.com\/en\/wp-json\/wp\/v2\/types\/page"}],"author":[{"embeddable":true,"href":"https:\/\/www.livingwcc.com\/en\/wp-json\/wp\/v2\/users\/1"}],"replies":[{"embeddable":true,"href":"https:\/\/www.livingwcc.com\/en\/wp-json\/wp\/v2\/comments?post=2850"}],"version-history":[{"count":81,"href":"https:\/\/www.livingwcc.com\/en\/wp-json\/wp\/v2\/pages\/2850\/revisions"}],"predecessor-version":[{"id":3459,"href":"https:\/\/www.livingwcc.com\/en\/wp-json\/wp\/v2\/pages\/2850\/revisions\/3459"}],"wp:attachment":[{"href":"https:\/\/www.livingwcc.com\/en\/wp-json\/wp\/v2\/media?parent=2850"}],"curies":[{"name":"wp","href":"https:\/\/api.w.org\/{rel}","templated":true}]}}